{"id":1046759,"date":"2023-10-29T15:19:15","date_gmt":"2023-10-29T15:19:15","guid":{"rendered":"https:\/\/toiletface.co.uk\/product\/papier-toilette-personnalise\/"},"modified":"2026-01-08T13:20:56","modified_gmt":"2026-01-08T13:20:56","slug":"papier-toilette-personnalise","status":"publish","type":"product","link":"https:\/\/toiletface.co.uk\/fr\/produit\/papier-toilette-personnalise\/","title":{"rendered":"Papier toilette personnalis\u00e9"},"content":{"rendered":"\t\t<div data-elementor-type=\"product-post\" data-elementor-id=\"1046759\" class=\"elementor elementor-1046759 elementor-16210\" data-elementor-post-type=\"product\">\n\t\t\t\t\t\t<section class=\"wd-negative-gap elementor-section elementor-top-section elementor-element elementor-element-5e0dca44 elementor-section-boxed elementor-section-height-default elementor-section-height-default\" data-id=\"5e0dca44\" data-element_type=\"section\" data-e-type=\"section\">\n\t\t\t\t\t\t<div class=\"elementor-container elementor-column-gap-default\">\n\t\t\t\t\t<div class=\"elementor-column elementor-col-100 elementor-top-column elementor-element elementor-element-47df8ef9\" data-id=\"47df8ef9\" data-element_type=\"column\" data-e-type=\"column\">\n\t\t\t<div class=\"elementor-widget-wrap elementor-element-populated\">\n\t\t\t\t\t\t<div class=\"elementor-element elementor-element-216afde2 color-scheme-inherit text-left elementor-widget elementor-widget-text-editor\" data-id=\"216afde2\" data-element_type=\"widget\" data-e-type=\"widget\" data-widget_type=\"text-editor.default\">\n\t\t\t\t<div class=\"elementor-widget-container\">\n\t\t\t\t\t\t\t\t\t<h3><strong>Caract\u00e9ristiques principales :<\/strong><\/h3>\n<ul>\n<li><strong>Impression \u00e9clatante sur chaque feuille<\/strong> : Chaque rouleau affiche votre image et message imprim\u00e9s en haute d\u00e9finition, en couleurs vives, sur chaque feuille. Du premier au dernier passage, notre design unique garantit un effet inoubliable <\/li>\n<li><strong>Papier 2 plis premium :<\/strong> Notre papier 2 plis offre l&rsquo;\u00e9quilibre parfait entre confort et r\u00e9sistance, pour une exp\u00e9rience douce mais solide. Ce n\u2019est pas qu\u2019un gadget \u2014 il est dr\u00f4le, mais aussi parfaitement fonctionnel. <\/li>\n<li><strong>Mat\u00e9riaux \u00e9coresponsables et de haute qualit\u00e9 <\/strong>: Nous prenons l\u2019environnement au s\u00e9rieux. Fabriqu\u00e9 \u00e0 partir de papier 100 % recycl\u00e9 certifi\u00e9 FSC et imprim\u00e9 avec des encres v\u00e9ganes, ce papier toilette est \u00e0 la fois \u00e9colo et plein d\u2019humour, sans compromis sur la qualit\u00e9. <\/li>\n<li><strong>Livraison vers la France \ud83c\uddeb\ud83c\uddf7 : <\/strong>Nous exp\u00e9dions depuis le Royaume-Uni vers la France avec La Poste, via un transporteur suivi (ML Courier). Le d\u00e9lai de livraison est estim\u00e9 entre 7 et 9 jours ouvr\u00e9s. Aucun droit de douane \u00e0 payer \u2014 pas de frais cach\u00e9s \u00e0 l\u2019arriv\u00e9e. C\u2019est un service fiable et tra\u00e7able, pour que votre commande arrive en toute s\u00e9curit\u00e9 et san <\/li>\n<\/ul>\n<h3><strong>Personnalisation simplifi\u00e9e :<\/strong><\/h3>\n<ul>\n<li><strong>Personnalisez en quelques minutes <\/strong>: Notre outil de personnalisation simple d\u2019utilisation vous permet de t\u00e9l\u00e9verser une image, d\u2019ajouter un message personnalis\u00e9, et de pr\u00e9visualiser votre cr\u00e9ation instantan\u00e9ment \u2014 vous savez exactement \u00e0 quoi vous attendre.<\/li>\n<li><strong>Optimisez la qualit\u00e9 :<\/strong> Pour un r\u00e9sultat optimal, choisissez une image en haute r\u00e9solution, sans pixellisation. Des visuels nets et lumineux garantiront un rendu impeccable sur chaque feuille. <\/li>\n<\/ul>\n<h3><strong>Pourquoi nous choisir ?<\/strong><\/h3>\n<ul>\n<li><strong>Fi\u00e8rement fabriqu\u00e9 en Angleterre :<\/strong> Chaque rouleau est imprim\u00e9 dans notre atelier \u00e0 Sheffield, au Royaume-Uni, par notre entreprise familiale active depuis plus de sept ans.<br \/>Nous livrons dans le monde entier et utilisons des transporteurs fiables pour une exp\u00e9dition suivie et s\u00e9curis\u00e9e vers la France.<\/li>\n<li><strong>Vu dans les m\u00e9dias<\/strong> : Notre papier toilette personnalis\u00e9 a fait le buzz dans les m\u00e9dias nationaux ! The Sun a parl\u00e9 de nous pour avoir cr\u00e9\u00e9 le cadeau de rupture ultime \u2013 imaginez le visage de votre ex sur un rouleau ! Vous nous avez peut-\u00eatre aussi vus sur LADbible, Metro, ou m\u00eame dans l\u2019\u00e9mission britannique Saturday Night Takeaway avec Ant &amp; Dec.  <\/li>\n<li><strong>Parfait pour toutes les occasions :<\/strong> Anniversaires, No\u00ebl, mariages\u2026 m\u00eame pour l\u2019incontournable anniversaire de mariage en papier ! Nos rouleaux personnalis\u00e9s sont un cadeau original et inoubliable, parfait pour faire rire \u00e0 coup s\u00fbr \u2014 quelle que soit l\u2019occasion.<\/li>\n<\/ul>\n\t\t\t\t\t\t\t\t<\/div>\n\t\t\t\t<\/div>\n\t\t\t\t\t<\/div>\n\t\t<\/div>\n\t\t\t\t\t<\/div>\n\t\t<\/section>\n\t\t\t\t<\/div>\n\t\t","protected":false},"excerpt":{"rendered":"<p class=\"ai-optimize-45\"><strong data-start=\"382\" data-end=\"424\">Impression personnalis\u00e9e sur chaque feuille.<\/strong><br data-start=\"424\" data-end=\"427\">\ud83d\udce3 Envoi suivi en France avec La Poste<\/p>\n","protected":false},"featured_media":43707,"comment_status":"open","ping_status":"closed","template":"","meta":[],"product_brand":[],"product_cat":[205743],"product_tag":[205752,205754,205749,205755,205744,205748,205745,205747,205746,205750,205753,205751],"class_list":{"0":"post-1046759","1":"product","2":"type-product","3":"status-publish","4":"has-post-thumbnail","6":"product_cat-papier-toilette-humoristique","7":"product_tag-adeau-rouleau-de-papier-toilette-personnalise","8":"product_tag-papier-toilette-drole-or-papier-toilette-rigolo","9":"product_tag-papier-toilette-personnalise","10":"product_tag-papier-toilette-personnalise-fr","11":"product_tag-rouleau-de-papier-toilette","12":"product_tag-rouleau-de-papier-toilette-imprime","13":"product_tag-rouleau-de-papier-toilette-original-or-papier-toilette-humoristique","14":"product_tag-rouleau-de-papier-toilette-personnalise","15":"product_tag-rouleau-personnalise-or-papier-toilette-personnalise","16":"product_tag-rouleau-photo-personnalise-or-rouleau-de-papier-toilette-avec-photo","17":"product_tag-upload-your-own-image-toilet-paper-","18":"product_tag-visage-sur-rouleau-de-papier-toilettee","20":"first","21":"instock","22":"sale","23":"purchasable","24":"product-type-simple"},"yoast_head":"<!-- This site is optimized with the Yoast SEO Premium plugin v25.2 (Yoast SEO v27.1.1) - https:\/\/yoast.com\/product\/yoast-seo-premium-wordpress\/ -->\n<title>Papier Toilette Personnalis\u00e9 | Photo et Texte Imprim\u00e9s sur Chaque Feuille<\/title>\n<meta name=\"description\" content=\"Cr\u00e9ez votre propre papier toilette personnalis\u00e9 avec vos photos et textes ! Un cadeau original et hilarant, imprim\u00e9 sur chaque feuille et livr\u00e9 rapidement \u2014 livraison en France sous 7 \u00e0 9 jours ouvr\u00e9s.\" \/>\n<meta name=\"robots\" content=\"index, follow, max-snippet:-1, max-image-preview:large, max-video-preview:-1\" \/>\n<link rel=\"canonical\" href=\"https:\/\/toiletface.co.uk\/fr\/produit\/papier-toilette-personnalise\/\" \/>\n<meta property=\"og:locale\" content=\"fr_FR\" \/>\n<meta property=\"og:type\" content=\"article\" \/>\n<meta property=\"og:title\" content=\"Papier toilette personnalis\u00e9\" \/>\n<meta property=\"og:description\" content=\"Cr\u00e9ez votre propre papier toilette personnalis\u00e9 avec vos photos et textes ! Un cadeau original et hilarant, imprim\u00e9 sur chaque feuille et livr\u00e9 rapidement \u2014 livraison en France sous 7 \u00e0 9 jours ouvr\u00e9s.\" \/>\n<meta property=\"og:url\" content=\"https:\/\/toiletface.co.uk\/fr\/produit\/papier-toilette-personnalise\/\" \/>\n<meta property=\"og:site_name\" content=\"Toilet Face\" \/>\n<meta property=\"article:modified_time\" content=\"2026-01-08T13:20:56+00:00\" \/>\n<meta property=\"og:image\" content=\"https:\/\/toiletface.co.uk\/wp-content\/uploads\/2023\/10\/Iloveyoubabe-scaled.webp\" \/>\n\t<meta property=\"og:image:width\" content=\"2560\" \/>\n\t<meta property=\"og:image:height\" content=\"2560\" \/>\n\t<meta property=\"og:image:type\" content=\"image\/webp\" \/>\n<meta name=\"twitter:card\" content=\"summary_large_image\" \/>\n<meta name=\"twitter:label1\" content=\"Prix\" \/>\n\t<meta name=\"twitter:data1\" content=\"14.42&#036;\" \/>\n\t<meta name=\"twitter:label2\" content=\"Disponibilit\u00e9\" \/>\n\t<meta name=\"twitter:data2\" content=\"En stock\" \/>\n<script type=\"application\/ld+json\" class=\"yoast-schema-graph\">{\"@context\":\"https:\/\/schema.org\",\"@graph\":[{\"@type\":\"WebPage\",\"@id\":\"https:\/\/toiletface.co.uk\/fr\/produit\/papier-toilette-personnalise\/\",\"url\":\"https:\/\/toiletface.co.uk\/fr\/produit\/papier-toilette-personnalise\/\",\"name\":\"Papier Toilette Personnalis\u00e9 | Photo et Texte Imprim\u00e9s sur Chaque Feuille\",\"isPartOf\":{\"@id\":\"https:\/\/toiletface.co.uk\/fr\/#website\"},\"primaryImageOfPage\":{\"@id\":\"https:\/\/toiletface.co.uk\/fr\/produit\/papier-toilette-personnalise\/#primaryimage\"},\"image\":{\"@id\":\"https:\/\/toiletface.co.uk\/fr\/produit\/papier-toilette-personnalise\/#primaryimage\"},\"thumbnailUrl\":\"https:\/\/toiletface.co.uk\/wp-content\/uploads\/2023\/10\/Iloveyoubabe-scaled.webp\",\"datePublished\":\"2023-10-29T15:19:15+00:00\",\"dateModified\":\"2026-01-08T13:20:56+00:00\",\"description\":\"Cr\u00e9ez votre propre papier toilette personnalis\u00e9 avec vos photos et textes ! Un cadeau original et hilarant, imprim\u00e9 sur chaque feuille et livr\u00e9 rapidement \u2014 livraison en France sous 7 \u00e0 9 jours ouvr\u00e9s.\",\"breadcrumb\":{\"@id\":\"https:\/\/toiletface.co.uk\/fr\/produit\/papier-toilette-personnalise\/#breadcrumb\"},\"inLanguage\":\"fr-FR\",\"potentialAction\":[{\"@type\":\"ReadAction\",\"target\":[\"https:\/\/toiletface.co.uk\/fr\/produit\/papier-toilette-personnalise\/\"]}]},{\"@type\":\"ImageObject\",\"inLanguage\":\"fr-FR\",\"@id\":\"https:\/\/toiletface.co.uk\/fr\/produit\/papier-toilette-personnalise\/#primaryimage\",\"url\":\"https:\/\/toiletface.co.uk\/wp-content\/uploads\/2023\/10\/Iloveyoubabe-scaled.webp\",\"contentUrl\":\"https:\/\/toiletface.co.uk\/wp-content\/uploads\/2023\/10\/Iloveyoubabe-scaled.webp\",\"width\":2560,\"height\":2560},{\"@type\":\"BreadcrumbList\",\"@id\":\"https:\/\/toiletface.co.uk\/fr\/produit\/papier-toilette-personnalise\/#breadcrumb\",\"itemListElement\":[{\"@type\":\"ListItem\",\"position\":1,\"name\":\"Home\",\"item\":\"https:\/\/toiletface.co.uk\/fr\/papier-toilette-personnalise-et-drole\/\"},{\"@type\":\"ListItem\",\"position\":2,\"name\":\"Novelty Toilet Paper\",\"item\":\"https:\/\/toiletface.co.uk\/novelty-toilet-paper\/\"},{\"@type\":\"ListItem\",\"position\":3,\"name\":\"Papier toilette personnalis\u00e9\"}]},{\"@type\":\"WebSite\",\"@id\":\"https:\/\/toiletface.co.uk\/fr\/#website\",\"url\":\"https:\/\/toiletface.co.uk\/fr\/\",\"name\":\"Toilet Face\",\"description\":\"Personalised &amp; Novelty Toilet Paper Store\",\"potentialAction\":[{\"@type\":\"SearchAction\",\"target\":{\"@type\":\"EntryPoint\",\"urlTemplate\":\"https:\/\/toiletface.co.uk\/fr\/?s={search_term_string}\"},\"query-input\":{\"@type\":\"PropertyValueSpecification\",\"valueRequired\":true,\"valueName\":\"search_term_string\"}}],\"inLanguage\":\"fr-FR\"}]}<\/script>\n<meta property=\"product:price:amount\" content=\"14.42\" \/>\n<meta property=\"product:price:currency\" content=\"USD\" \/>\n<meta property=\"og:availability\" content=\"instock\" \/>\n<meta property=\"product:availability\" content=\"instock\" \/>\n<meta property=\"product:retailer_item_id\" content=\"BA\" \/>\n<meta property=\"product:condition\" content=\"new\" \/>\n<!-- \/ Yoast SEO Premium plugin. -->","yoast_head_json":{"title":"Papier Toilette Personnalis\u00e9 | Photo et Texte Imprim\u00e9s sur Chaque Feuille","description":"Cr\u00e9ez votre propre papier toilette personnalis\u00e9 avec vos photos et textes ! Un cadeau original et hilarant, imprim\u00e9 sur chaque feuille et livr\u00e9 rapidement \u2014 livraison en France sous 7 \u00e0 9 jours ouvr\u00e9s.","robots":{"index":"index","follow":"follow","max-snippet":"max-snippet:-1","max-image-preview":"max-image-preview:large","max-video-preview":"max-video-preview:-1"},"canonical":"https:\/\/toiletface.co.uk\/fr\/produit\/papier-toilette-personnalise\/","og_locale":"fr_FR","og_type":"article","og_title":"Papier toilette personnalis\u00e9","og_description":"Cr\u00e9ez votre propre papier toilette personnalis\u00e9 avec vos photos et textes ! Un cadeau original et hilarant, imprim\u00e9 sur chaque feuille et livr\u00e9 rapidement \u2014 livraison en France sous 7 \u00e0 9 jours ouvr\u00e9s.","og_url":"https:\/\/toiletface.co.uk\/fr\/produit\/papier-toilette-personnalise\/","og_site_name":"Toilet Face","article_modified_time":"2026-01-08T13:20:56+00:00","og_image":[{"width":2560,"height":2560,"url":"https:\/\/toiletface.co.uk\/wp-content\/uploads\/2023\/10\/Iloveyoubabe-scaled.webp","type":"image\/webp"}],"twitter_card":"summary_large_image","twitter_misc":{"Prix":"14.42&#36;","Disponibilit\u00e9":"En stock"},"schema":{"@context":"https:\/\/schema.org","@graph":[{"@type":"WebPage","@id":"https:\/\/toiletface.co.uk\/fr\/produit\/papier-toilette-personnalise\/","url":"https:\/\/toiletface.co.uk\/fr\/produit\/papier-toilette-personnalise\/","name":"Papier Toilette Personnalis\u00e9 | Photo et Texte Imprim\u00e9s sur Chaque Feuille","isPartOf":{"@id":"https:\/\/toiletface.co.uk\/fr\/#website"},"primaryImageOfPage":{"@id":"https:\/\/toiletface.co.uk\/fr\/produit\/papier-toilette-personnalise\/#primaryimage"},"image":{"@id":"https:\/\/toiletface.co.uk\/fr\/produit\/papier-toilette-personnalise\/#primaryimage"},"thumbnailUrl":"https:\/\/toiletface.co.uk\/wp-content\/uploads\/2023\/10\/Iloveyoubabe-scaled.webp","datePublished":"2023-10-29T15:19:15+00:00","dateModified":"2026-01-08T13:20:56+00:00","description":"Cr\u00e9ez votre propre papier toilette personnalis\u00e9 avec vos photos et textes ! Un cadeau original et hilarant, imprim\u00e9 sur chaque feuille et livr\u00e9 rapidement \u2014 livraison en France sous 7 \u00e0 9 jours ouvr\u00e9s.","breadcrumb":{"@id":"https:\/\/toiletface.co.uk\/fr\/produit\/papier-toilette-personnalise\/#breadcrumb"},"inLanguage":"fr-FR","potentialAction":[{"@type":"ReadAction","target":["https:\/\/toiletface.co.uk\/fr\/produit\/papier-toilette-personnalise\/"]}]},{"@type":"ImageObject","inLanguage":"fr-FR","@id":"https:\/\/toiletface.co.uk\/fr\/produit\/papier-toilette-personnalise\/#primaryimage","url":"https:\/\/toiletface.co.uk\/wp-content\/uploads\/2023\/10\/Iloveyoubabe-scaled.webp","contentUrl":"https:\/\/toiletface.co.uk\/wp-content\/uploads\/2023\/10\/Iloveyoubabe-scaled.webp","width":2560,"height":2560},{"@type":"BreadcrumbList","@id":"https:\/\/toiletface.co.uk\/fr\/produit\/papier-toilette-personnalise\/#breadcrumb","itemListElement":[{"@type":"ListItem","position":1,"name":"Home","item":"https:\/\/toiletface.co.uk\/fr\/papier-toilette-personnalise-et-drole\/"},{"@type":"ListItem","position":2,"name":"Novelty Toilet Paper","item":"https:\/\/toiletface.co.uk\/novelty-toilet-paper\/"},{"@type":"ListItem","position":3,"name":"Papier toilette personnalis\u00e9"}]},{"@type":"WebSite","@id":"https:\/\/toiletface.co.uk\/fr\/#website","url":"https:\/\/toiletface.co.uk\/fr\/","name":"Toilet Face","description":"Personalised &amp; Novelty Toilet Paper Store","potentialAction":[{"@type":"SearchAction","target":{"@type":"EntryPoint","urlTemplate":"https:\/\/toiletface.co.uk\/fr\/?s={search_term_string}"},"query-input":{"@type":"PropertyValueSpecification","valueRequired":true,"valueName":"search_term_string"}}],"inLanguage":"fr-FR"}]},"product_price_amount":"14.42","product_price_currency":"USD","og_availability":"instock","product_availability":"instock","product_retailer_item_id":"BA","product_condition":"new"},"_links":{"self":[{"href":"https:\/\/toiletface.co.uk\/fr\/wp-json\/wp\/v2\/product\/1046759","targetHints":{"allow":["GET"]}}],"collection":[{"href":"https:\/\/toiletface.co.uk\/fr\/wp-json\/wp\/v2\/product"}],"about":[{"href":"https:\/\/toiletface.co.uk\/fr\/wp-json\/wp\/v2\/types\/product"}],"replies":[{"embeddable":true,"href":"https:\/\/toiletface.co.uk\/fr\/wp-json\/wp\/v2\/comments?post=1046759"}],"version-history":[{"count":4,"href":"https:\/\/toiletface.co.uk\/fr\/wp-json\/wp\/v2\/product\/1046759\/revisions"}],"predecessor-version":[{"id":3547363,"href":"https:\/\/toiletface.co.uk\/fr\/wp-json\/wp\/v2\/product\/1046759\/revisions\/3547363"}],"wp:featuredmedia":[{"embeddable":true,"href":"https:\/\/toiletface.co.uk\/fr\/wp-json\/wp\/v2\/media\/43707"}],"wp:attachment":[{"href":"https:\/\/toiletface.co.uk\/fr\/wp-json\/wp\/v2\/media?parent=1046759"}],"wp:term":[{"taxonomy":"product_brand","embeddable":true,"href":"https:\/\/toiletface.co.uk\/fr\/wp-json\/wp\/v2\/product_brand?post=1046759"},{"taxonomy":"product_cat","embeddable":true,"href":"https:\/\/toiletface.co.uk\/fr\/wp-json\/wp\/v2\/product_cat?post=1046759"},{"taxonomy":"product_tag","embeddable":true,"href":"https:\/\/toiletface.co.uk\/fr\/wp-json\/wp\/v2\/product_tag?post=1046759"}],"curies":[{"name":"wp","href":"https:\/\/api.w.org\/{rel}","templated":true}]}}