{"id":3047055,"date":"2024-04-06T20:56:26","date_gmt":"2024-04-06T20:56:26","guid":{"rendered":"https:\/\/toiletface.co.uk\/about-us\/"},"modified":"2025-08-30T17:19:08","modified_gmt":"2025-08-30T17:19:08","slug":"a-propos","status":"publish","type":"page","link":"https:\/\/toiletface.co.uk\/fr\/a-propos\/","title":{"rendered":"\u00c0 propos de nous"},"content":{"rendered":"\t\t<div data-elementor-type=\"wp-page\" data-elementor-id=\"3047055\" class=\"elementor elementor-3047055 elementor-16125\" data-elementor-post-type=\"page\">\n\t\t\t\t\t\t<section class=\"wd-negative-gap elementor-section elementor-top-section elementor-element elementor-element-cb5abfa elementor-section-boxed elementor-section-height-default elementor-section-height-default\" data-id=\"cb5abfa\" data-element_type=\"section\" data-e-type=\"section\">\n\t\t\t\t\t\t<div class=\"elementor-container elementor-column-gap-default\">\n\t\t\t\t\t<div class=\"elementor-column elementor-col-100 elementor-top-column elementor-element elementor-element-db8f627\" data-id=\"db8f627\" data-element_type=\"column\" data-e-type=\"column\">\n\t\t\t<div class=\"elementor-widget-wrap elementor-element-populated\">\n\t\t\t\t\t\t<div class=\"elementor-element elementor-element-e27c952 elementor-widget elementor-widget-wd_text_block\" data-id=\"e27c952\" data-element_type=\"widget\" data-e-type=\"widget\" data-widget_type=\"wd_text_block.default\">\n\t\t\t\t<div class=\"elementor-widget-container\">\n\t\t\t\t\t\t\t<div class=\"wd-text-block reset-last-child text-left\">\n\t\t\t\n\t\t\t<section class=\"wd-negative-gap elementor-section elementor-top-section elementor-element elementor-element-3377cdc elementor-section-boxed elementor-section-height-default elementor-section-height-default\" style=\"font-style: normal; font-variant-ligatures: normal; font-variant-caps: normal; font-weight: 400; font-family: Lato, Arial, Helvetica, sans-serif; font-size: 14px; flex-basis: var(--flex-basis); flex-grow: var(--flex-grow); flex-shrink: var(--flex-shrink); order: var(--order); align-self: var(--align-self); --swiper-theme-color: #000; --swiper-navigation-size: 44px; --swiper-pagination-bullet-size: 6px; --swiper-pagination-bullet-horizontal-gap: 6px; --widgets-spacing: 20px 20px; white-space-collapse: collapse;\" data-id=\"3377cdc\" data-element_type=\"section\"><div class=\"elementor-container elementor-column-gap-default\" style=\"margin-right: calc(var(--wd-el-column-gap) \/ 2 * -1); margin-left: calc(var(--wd-el-column-gap) \/ 2 * -1); font-size: 14px; --wd-el-column-gap: 20px;\"><div class=\"elementor-column elementor-col-100 elementor-top-column elementor-element elementor-element-6a89716\" style=\"font-size: 14px; flex-basis: var(--flex-basis); flex-grow: var(--flex-grow); flex-shrink: var(--flex-shrink); order: var(--order); align-self: var(--align-self); --swiper-theme-color: #000; --swiper-navigation-size: 44px; --swiper-pagination-bullet-size: 6px; --swiper-pagination-bullet-horizontal-gap: 6px; --widgets-spacing: 20px 20px; width: 1212px;\" data-id=\"6a89716\" data-element_type=\"column\"><div class=\"elementor-widget-wrap elementor-element-populated\" style=\"font-size: 14px; width: 1212px;\"><div class=\"elementor-element elementor-element-17cd567 elementor-widget elementor-widget-wd_text_block\" style=\"font-size: 14px; flex-basis: var(--flex-basis); flex-grow: var(--flex-grow); flex-shrink: var(--flex-shrink); order: var(--order); align-self: var(--align-self); flex-direction: var(--flex-direction); flex-wrap: var(--flex-wrap); justify-content: var(--justify-content); align-items: var(--align-items); align-content: var(--align-content); gap: var(--gap); --swiper-theme-color: #000; --swiper-navigation-size: 44px; --swiper-pagination-bullet-size: 6px; --swiper-pagination-bullet-horizontal-gap: 6px; --widgets-spacing: 20px 20px; width: 1192px;\" data-id=\"17cd567\" data-element_type=\"widget\" data-widget_type=\"wd_text_block.default\"><div class=\"elementor-widget-container\" style=\"font-size: 14px; transition: background .3s,border .3s,border-radius .3s,box-shadow .3s,transform var(--e-transform-transition-duration,.4s);\"><div class=\"wd-text-block reset-last-child text-left\" style=\"font-size: 14px; --text-align: left; text-align: var(--text-align); --content-align: flex-start; max-width: var(--content-width); --content-width: var(--wd-max-width);\"><h4 style=\"font-style: var(--wd-title-font-style); font-weight: var(--wd-title-font-weight); font-family: var(--wd-title-font); text-transform: var(--wd-title-transform); text-align: center;\"><span style=\"font-size: 18px; color: #333333;\">Launched in the vibrant city of Sheffield, UK, in 2015, Toilet Face stands as a pioneering force in the world of novelty printing, specialising in creating personalised toilet paper.<\/span><\/h4><\/div><\/div><\/div><\/div><\/div><\/div><\/section><section class=\"wd-negative-gap elementor-section elementor-top-section elementor-element elementor-element-c1c235e elementor-section-boxed elementor-section-height-default elementor-section-height-default\" style=\"font-style: normal; font-variant-ligatures: normal; font-variant-caps: normal; font-weight: 400; font-family: Lato, Arial, Helvetica, sans-serif; font-size: 14px; flex-basis: var(--flex-basis); flex-grow: var(--flex-grow); flex-shrink: var(--flex-shrink); order: var(--order); align-self: var(--align-self); --swiper-theme-color: #000; --swiper-navigation-size: 44px; --swiper-pagination-bullet-size: 6px; --swiper-pagination-bullet-horizontal-gap: 6px; --widgets-spacing: 20px 20px; white-space-collapse: collapse;\" data-id=\"c1c235e\" data-element_type=\"section\"><div class=\"elementor-container elementor-column-gap-default\" style=\"margin-right: calc(var(--wd-el-column-gap) \/ 2 * -1); margin-left: calc(var(--wd-el-column-gap) \/ 2 * -1); font-size: 14px; --wd-el-column-gap: 20px;\"><div class=\"elementor-column elementor-col-50 elementor-top-column elementor-element elementor-element-7a69e4b\" style=\"font-size: 14px; flex-basis: var(--flex-basis); flex-grow: var(--flex-grow); flex-shrink: var(--flex-shrink); order: var(--order); align-self: var(--align-self); --swiper-theme-color: #000; --swiper-navigation-size: 44px; --swiper-pagination-bullet-size: 6px; --swiper-pagination-bullet-horizontal-gap: 6px; --widgets-spacing: 20px 20px; width: 606px;\" data-id=\"7a69e4b\" data-element_type=\"column\"><div class=\"elementor-widget-wrap elementor-element-populated\" style=\"font-size: 14px; width: 606px;\"><div class=\"elementor-element elementor-element-0a6bf11 elementor-widget elementor-widget-wd_image_or_svg\" style=\"font-size: 14px; flex-basis: var(--flex-basis); flex-grow: var(--flex-grow); flex-shrink: var(--flex-shrink); order: var(--order); align-self: var(--align-self); flex-direction: var(--flex-direction); flex-wrap: var(--flex-wrap); justify-content: var(--justify-content); align-items: var(--align-items); align-content: var(--align-content); gap: var(--gap); --swiper-theme-color: #000; --swiper-navigation-size: 44px; --swiper-pagination-bullet-size: 6px; --swiper-pagination-bullet-horizontal-gap: 6px; --widgets-spacing: 20px 20px; width: 586px;\" data-id=\"0a6bf11\" data-element_type=\"widget\" data-widget_type=\"wd_image_or_svg.default\"><div class=\"elementor-widget-container\" style=\"font-size: 14px; transition: background .3s,border .3s,border-radius .3s,box-shadow .3s,transform var(--e-transform-transition-duration,.4s);\">\u00a0<\/div><\/div><\/div><\/div><\/div><\/section>\n\t\t\t\t\t<\/div>\n\t\t\t\t\t\t<\/div>\n\t\t\t\t<\/div>\n\t\t\t\t\t<\/div>\n\t\t<\/div>\n\t\t\t\t\t<\/div>\n\t\t<\/section>\n\t\t\t\t<section class=\"wd-negative-gap elementor-section elementor-top-section elementor-element elementor-element-7f5f6da elementor-section-boxed elementor-section-height-default elementor-section-height-default\" data-id=\"7f5f6da\" data-element_type=\"section\" data-e-type=\"section\">\n\t\t\t\t\t\t<div class=\"elementor-container elementor-column-gap-default\">\n\t\t\t\t\t<div class=\"elementor-column elementor-col-33 elementor-top-column elementor-element elementor-element-ff5eddd\" data-id=\"ff5eddd\" data-element_type=\"column\" data-e-type=\"column\">\n\t\t\t<div class=\"elementor-widget-wrap elementor-element-populated\">\n\t\t\t\t\t\t<div class=\"elementor-element elementor-element-1338c2a elementor-widget elementor-widget-wd_author_area\" data-id=\"1338c2a\" data-element_type=\"widget\" data-e-type=\"widget\" data-widget_type=\"wd_author_area.default\">\n\t\t\t\t<div class=\"elementor-widget-container\">\n\t\t\t\t\t\t\t<div class=\"author-area text-center color-scheme- wd-set-mb reset-last-child\">\n\t\t\t\n\t\t\t\t\t\t\t<div class=\"author-avatar\">\n\t\t\t\t\t<img loading=\"lazy\" decoding=\"async\" width=\"225\" height=\"300\" src=\"https:\/\/toiletface.co.uk\/wp-content\/uploads\/2024\/06\/Preferred-2-225x300.webp\" class=\"author-area-image\" alt=\"\" \/>\t\t\t\t<\/div>\n\t\t\t\n\t\t\t\t\t\t\t<h4 class=\"author-name title\">\n\t\t\t\t\tJoe Dickinson \t\t\t\t<\/h4>\n\t\t\t\n\t\t\t\t\t\t\t<div class=\"author-area-info\">\n\t\t\t\t\tOwner of Toilet Face \t\t\t\t<\/div>\n\t\t\t\n\t\t\t\t\t<\/div>\n\t\t\t\t\t\t<\/div>\n\t\t\t\t<\/div>\n\t\t\t\t\t<\/div>\n\t\t<\/div>\n\t\t\t\t<div class=\"elementor-column elementor-col-66 elementor-top-column elementor-element elementor-element-e085b5b\" data-id=\"e085b5b\" data-element_type=\"column\" data-e-type=\"column\">\n\t\t\t<div class=\"elementor-widget-wrap elementor-element-populated\">\n\t\t\t\t\t\t<div class=\"elementor-element elementor-element-5422fb50 wd-width-100 elementor-widget elementor-widget-wd_title\" data-id=\"5422fb50\" data-element_type=\"widget\" data-e-type=\"widget\" data-widget_type=\"wd_title.default\">\n\t\t\t\t<div class=\"elementor-widget-container\">\n\t\t\t\t\t\t\t<div class=\"title-wrapper wd-set-mb reset-last-child wd-title-color-default wd-title-style-default wd-title-size-extra-large text-left\">\n\n\t\t\t\n\t\t\t<div class=\"liner-continer\">\n\t\t\t\t<h4 class=\"woodmart-title-container title wd-fontsize-xxxl\">Our Journey...<\/h4> \n\t\t\t\t\t\t\t<\/div>\n\n\t\t\t\t\t<\/div>\n\t\t\t\t\t\t<\/div>\n\t\t\t\t<\/div>\n\t\t\t\t<div class=\"elementor-element elementor-element-9fd0f95 elementor-hidden-tablet elementor-hidden-mobile elementor-widget elementor-widget-wd_text_block\" data-id=\"9fd0f95\" data-element_type=\"widget\" data-e-type=\"widget\" data-widget_type=\"wd_text_block.default\">\n\t\t\t\t<div class=\"elementor-widget-container\">\n\t\t\t\t\t\t\t<div class=\"wd-text-block reset-last-child text-left\">\n\t\t\t\n\t\t\t\n\t\t\t\t\t<\/div>\n\t\t\t\t\t\t<\/div>\n\t\t\t\t<\/div>\n\t\t\t\t<div class=\"elementor-element elementor-element-7b563794 color-scheme-inherit text-left elementor-widget elementor-widget-text-editor\" data-id=\"7b563794\" data-element_type=\"widget\" data-e-type=\"widget\" data-widget_type=\"text-editor.default\">\n\t\t\t\t<div class=\"elementor-widget-container\">\n\t\t\t\t\t\t\t\t\t<p><br \/>I started Toilet Face from my university bedroom, sparked by the simple yet novel idea of gifting a friend a roll of toilet paper printed with their face. There was nothing like it on the market, so I took it upon myself to create it. With a knack for electronics and a dash of entrepreneurial spirit, I devised a printer tailored to delicately print on tissue paper.<\/p><p>Today, my workshop in Sheffield is the heart of Toilet Face. I run the show solo most of the year, but during peak seasons, I&rsquo;m joined by a wonderful team of locals. They help me manage the holiday rushes, but around here, I&rsquo;m still fondly known as the &lsquo;bog roll man,&rsquo; always at the helm.<\/p><p>Each novelty toilet roll by Toilet Face is crafted from sustainably sourced paper, fully recyclable, marrying novelty with environmental consciousness. It\u2019s incredible to think that what started as a fun project in my bedroom has grown into this. The journey has been full of surprises, and honestly, I&rsquo;m amazed this is still my job today\u2014but it&rsquo;s incredibly rewarding. My mum always said I&rsquo;d end up doing something creative, weird, and business-oriented. She was spot on!<\/p><p>The support I\u2019ve received over the years has been overwhelming. It\u2019s heartening to see how much joy these quirky, eco-friendly gifts can bring. Join me in celebrating a creative and sustainable approach to what might just be the most unique gift you can give. Here at Toilet Face, we\u2019re keeping it fun, one roll at a time.<\/p><p>And I\u2019d be more than happy to get you one of our toilet rolls for any occasion\u2014be it anniversaries, birthdays, Christmas, or even a divorce party! I once had a lady order 50 rolls with her ex-husband\u2019s face for such a bash. Whatever the reason, we\u2019ve got you covered with a smile\u2014it\u2019s bog standard!<\/p>\t\t\t\t\t\t\t\t<\/div>\n\t\t\t\t<\/div>\n\t\t\t\t\t<\/div>\n\t\t<\/div>\n\t\t\t\t\t<\/div>\n\t\t<\/section>\n\t\t\t\t<section class=\"wd-negative-gap elementor-section elementor-top-section elementor-element elementor-element-ec41055 elementor-section-boxed elementor-section-height-default elementor-section-height-default\" data-id=\"ec41055\" data-element_type=\"section\" data-e-type=\"section\">\n\t\t\t\t\t\t<div class=\"elementor-container elementor-column-gap-default\">\n\t\t\t\t\t<div class=\"elementor-column elementor-col-100 elementor-top-column elementor-element elementor-element-dc7a212\" data-id=\"dc7a212\" data-element_type=\"column\" data-e-type=\"column\">\n\t\t\t<div class=\"elementor-widget-wrap\">\n\t\t\t\t\t\t\t<\/div>\n\t\t<\/div>\n\t\t\t\t\t<\/div>\n\t\t<\/section>\n\t\t\t\t<section class=\"wd-negative-gap elementor-section elementor-top-section elementor-element elementor-element-7e620ccb wd-section-stretch elementor-section-boxed elementor-section-height-default elementor-section-height-default\" data-id=\"7e620ccb\" data-element_type=\"section\" data-e-type=\"section\" data-settings=\"{&quot;background_background&quot;:&quot;classic&quot;}\">\n\t\t\t\t\t\t<div class=\"elementor-container elementor-column-gap-default\">\n\t\t\t\t\t<div class=\"elementor-column elementor-col-100 elementor-top-column elementor-element elementor-element-1cbbcbe7\" data-id=\"1cbbcbe7\" data-element_type=\"column\" data-e-type=\"column\">\n\t\t\t<div class=\"elementor-widget-wrap elementor-element-populated\">\n\t\t\t\t\t\t<section class=\"wd-negative-gap elementor-section elementor-inner-section elementor-element elementor-element-1da70cca elementor-section-content-middle elementor-section-boxed elementor-section-height-default elementor-section-height-default\" data-id=\"1da70cca\" data-element_type=\"section\" data-e-type=\"section\">\n\t\t\t\t\t\t<div class=\"elementor-container elementor-column-gap-default\">\n\t\t\t\t\t<div class=\"elementor-column elementor-col-50 elementor-inner-column elementor-element elementor-element-268a2afb\" data-id=\"268a2afb\" data-element_type=\"column\" data-e-type=\"column\">\n\t\t\t<div class=\"elementor-widget-wrap elementor-element-populated\">\n\t\t\t\t\t\t<div class=\"elementor-element elementor-element-1115881c wd-width-100 elementor-widget elementor-widget-wd_title\" data-id=\"1115881c\" data-element_type=\"widget\" data-e-type=\"widget\" data-widget_type=\"wd_title.default\">\n\t\t\t\t<div class=\"elementor-widget-container\">\n\t\t\t\t\t\t\t<div class=\"title-wrapper wd-set-mb reset-last-child wd-title-color-default wd-title-style-default wd-title-size-medium text-left\">\n\n\t\t\t\n\t\t\t<div class=\"liner-continer\">\n\t\t\t\t<h4 class=\"woodmart-title-container title wd-fontsize-xl\">Hilarious Personalised Gifts<\/h4> \n\t\t\t\t\t\t\t<\/div>\n\n\t\t\t\t\t<\/div>\n\t\t\t\t\t\t<\/div>\n\t\t\t\t<\/div>\n\t\t\t\t<div class=\"elementor-element elementor-element-4a1ecbea elementor-widget elementor-widget-wd_text_block\" data-id=\"4a1ecbea\" data-element_type=\"widget\" data-e-type=\"widget\" data-widget_type=\"wd_text_block.default\">\n\t\t\t\t<div class=\"elementor-widget-container\">\n\t\t\t\t\t\t\t<div class=\"wd-text-block reset-last-child text-left\">\n\t\t\t\n\t\t\t<p>Whether it's a footie fan's dream featuring their favourite club, a playful poke at world leaders, or a custom creation that's uniquely yours, we've got just the novelty gift to have your friends and family in stitches.<\/p><p>And remember, when it comes to celebrating in big numbers, we've got your back with bulk discounts for larger quantities. Perfect for parties, promotions, or just because you can never have too much of a good laugh<\/p>\n\t\t\t\t\t<\/div>\n\t\t\t\t\t\t<\/div>\n\t\t\t\t<\/div>\n\t\t\t\t\t<\/div>\n\t\t<\/div>\n\t\t\t\t<div class=\"elementor-column elementor-col-50 elementor-inner-column elementor-element elementor-element-b746daf\" data-id=\"b746daf\" data-element_type=\"column\" data-e-type=\"column\">\n\t\t\t<div class=\"elementor-widget-wrap elementor-element-populated\">\n\t\t\t\t\t\t<div class=\"elementor-element elementor-element-5355e5c7 elementor-widget elementor-widget-wd_image_or_svg\" data-id=\"5355e5c7\" data-element_type=\"widget\" data-e-type=\"widget\" data-widget_type=\"wd_image_or_svg.default\">\n\t\t\t\t<div class=\"elementor-widget-container\">\n\t\t\t\t\t\n\t\t<div class=\"wd-image text-left\">\n\t\t\t\t\t\t\t\t<img loading=\"lazy\" decoding=\"async\" width=\"526\" height=\"526\" src=\"https:\/\/toiletface.co.uk\/wp-content\/uploads\/2024\/04\/stephen-M.png\" class=\"attachment-full size-full\" alt=\"\" srcset=\"https:\/\/toiletface.co.uk\/wp-content\/uploads\/2024\/04\/stephen-M.png 526w, https:\/\/toiletface.co.uk\/wp-content\/uploads\/2024\/04\/stephen-M-430x430.png 430w, https:\/\/toiletface.co.uk\/wp-content\/uploads\/2024\/04\/stephen-M-150x150.png 150w, https:\/\/toiletface.co.uk\/wp-content\/uploads\/2024\/04\/stephen-M-300x300.png 300w\" sizes=\"auto, (max-width: 526px) 100vw, 526px\" \/>\t\t\t\t\t<\/div>\n\n\t\t\t\t\t\t<\/div>\n\t\t\t\t<\/div>\n\t\t\t\t\t<\/div>\n\t\t<\/div>\n\t\t\t\t\t<\/div>\n\t\t<\/section>\n\t\t\t\t\t<\/div>\n\t\t<\/div>\n\t\t\t\t\t<\/div>\n\t\t<\/section>\n\t\t\t\t<\/div>\n\t\t","protected":false},"excerpt":{"rendered":"<p>Launched in the vibrant city of Sheffield, UK, in 2015, Toilet Face stands as a pioneering force in the world<\/p>\n","protected":false},"author":1,"featured_media":0,"parent":0,"menu_order":0,"comment_status":"closed","ping_status":"closed","template":"elementor_header_footer","meta":{"footnotes":""},"class_list":["post-3047055","page","type-page","status-publish","hentry"],"yoast_head":"<!-- This site is optimized with the Yoast SEO Premium plugin v25.2 (Yoast SEO v27.1.1) - https:\/\/yoast.com\/product\/yoast-seo-premium-wordpress\/ -->\n<title>\u00c0 propos de nous | Comment Toilet Face a commenc\u00e9<\/title>\n<meta name=\"description\" content=\"D\u00e9couvrez l\u2019histoire de Toilet Face, la marque britannique de papier toilette personnalis\u00e9 qui fait rire de nombreux clients en France et ailleurs.\" \/>\n<meta name=\"robots\" content=\"index, follow, max-snippet:-1, max-image-preview:large, max-video-preview:-1\" \/>\n<link rel=\"canonical\" href=\"https:\/\/toiletface.co.uk\/fr\/a-propos\/\" \/>\n<meta property=\"og:locale\" content=\"fr_FR\" \/>\n<meta property=\"og:type\" content=\"article\" \/>\n<meta property=\"og:title\" content=\"\u00c0 propos de nous\" \/>\n<meta property=\"og:description\" content=\"D\u00e9couvrez l\u2019histoire de Toilet Face, la marque britannique de papier toilette personnalis\u00e9 qui fait rire de nombreux clients en France et ailleurs.\" \/>\n<meta property=\"og:url\" content=\"https:\/\/toiletface.co.uk\/fr\/a-propos\/\" \/>\n<meta property=\"og:site_name\" content=\"Toilet Face\" \/>\n<meta property=\"article:modified_time\" content=\"2025-08-30T17:19:08+00:00\" \/>\n<meta property=\"og:image\" content=\"https:\/\/toiletface.co.uk\/wp-content\/uploads\/2024\/06\/Preferred-2-225x300.webp\" \/>\n<meta name=\"twitter:card\" content=\"summary_large_image\" \/>\n<meta name=\"twitter:label1\" content=\"Dur\u00e9e de lecture estim\u00e9e\" \/>\n\t<meta name=\"twitter:data1\" content=\"3 minutes\" \/>\n<script type=\"application\/ld+json\" class=\"yoast-schema-graph\">{\"@context\":\"https:\/\/schema.org\",\"@graph\":[{\"@type\":\"WebPage\",\"@id\":\"https:\/\/toiletface.co.uk\/fr\/a-propos\/\",\"url\":\"https:\/\/toiletface.co.uk\/fr\/a-propos\/\",\"name\":\"\u00c0 propos de nous | Comment Toilet Face a commenc\u00e9\",\"isPartOf\":{\"@id\":\"https:\/\/toiletface.co.uk\/fr\/#website\"},\"primaryImageOfPage\":{\"@id\":\"https:\/\/toiletface.co.uk\/fr\/a-propos\/#primaryimage\"},\"image\":{\"@id\":\"https:\/\/toiletface.co.uk\/fr\/a-propos\/#primaryimage\"},\"thumbnailUrl\":\"https:\/\/toiletface.co.uk\/wp-content\/uploads\/2024\/06\/Preferred-2-225x300.webp\",\"datePublished\":\"2024-04-06T20:56:26+00:00\",\"dateModified\":\"2025-08-30T17:19:08+00:00\",\"description\":\"D\u00e9couvrez l\u2019histoire de Toilet Face, la marque britannique de papier toilette personnalis\u00e9 qui fait rire de nombreux clients en France et ailleurs.\",\"breadcrumb\":{\"@id\":\"https:\/\/toiletface.co.uk\/fr\/a-propos\/#breadcrumb\"},\"inLanguage\":\"fr-FR\",\"potentialAction\":[{\"@type\":\"ReadAction\",\"target\":[\"https:\/\/toiletface.co.uk\/fr\/a-propos\/\"]}]},{\"@type\":\"ImageObject\",\"inLanguage\":\"fr-FR\",\"@id\":\"https:\/\/toiletface.co.uk\/fr\/a-propos\/#primaryimage\",\"url\":\"https:\/\/toiletface.co.uk\/wp-content\/uploads\/2024\/06\/Preferred-2-225x300.webp\",\"contentUrl\":\"https:\/\/toiletface.co.uk\/wp-content\/uploads\/2024\/06\/Preferred-2-225x300.webp\"},{\"@type\":\"BreadcrumbList\",\"@id\":\"https:\/\/toiletface.co.uk\/fr\/a-propos\/#breadcrumb\",\"itemListElement\":[{\"@type\":\"ListItem\",\"position\":1,\"name\":\"Home\",\"item\":\"https:\/\/toiletface.co.uk\/fr\/papier-toilette-personnalise-et-drole\/\"},{\"@type\":\"ListItem\",\"position\":2,\"name\":\"\u00c0 propos de nous\"}]},{\"@type\":\"WebSite\",\"@id\":\"https:\/\/toiletface.co.uk\/fr\/#website\",\"url\":\"https:\/\/toiletface.co.uk\/fr\/\",\"name\":\"Toilet Face\",\"description\":\"Personalised &amp; Novelty Toilet Paper Store\",\"potentialAction\":[{\"@type\":\"SearchAction\",\"target\":{\"@type\":\"EntryPoint\",\"urlTemplate\":\"https:\/\/toiletface.co.uk\/fr\/?s={search_term_string}\"},\"query-input\":{\"@type\":\"PropertyValueSpecification\",\"valueRequired\":true,\"valueName\":\"search_term_string\"}}],\"inLanguage\":\"fr-FR\"}]}<\/script>\n<!-- \/ Yoast SEO Premium plugin. -->","yoast_head_json":{"title":"\u00c0 propos de nous | Comment Toilet Face a commenc\u00e9","description":"D\u00e9couvrez l\u2019histoire de Toilet Face, la marque britannique de papier toilette personnalis\u00e9 qui fait rire de nombreux clients en France et ailleurs.","robots":{"index":"index","follow":"follow","max-snippet":"max-snippet:-1","max-image-preview":"max-image-preview:large","max-video-preview":"max-video-preview:-1"},"canonical":"https:\/\/toiletface.co.uk\/fr\/a-propos\/","og_locale":"fr_FR","og_type":"article","og_title":"\u00c0 propos de nous","og_description":"D\u00e9couvrez l\u2019histoire de Toilet Face, la marque britannique de papier toilette personnalis\u00e9 qui fait rire de nombreux clients en France et ailleurs.","og_url":"https:\/\/toiletface.co.uk\/fr\/a-propos\/","og_site_name":"Toilet Face","article_modified_time":"2025-08-30T17:19:08+00:00","og_image":[{"url":"https:\/\/toiletface.co.uk\/wp-content\/uploads\/2024\/06\/Preferred-2-225x300.webp","type":"","width":"","height":""}],"twitter_card":"summary_large_image","twitter_misc":{"Dur\u00e9e de lecture estim\u00e9e":"3 minutes"},"schema":{"@context":"https:\/\/schema.org","@graph":[{"@type":"WebPage","@id":"https:\/\/toiletface.co.uk\/fr\/a-propos\/","url":"https:\/\/toiletface.co.uk\/fr\/a-propos\/","name":"\u00c0 propos de nous | Comment Toilet Face a commenc\u00e9","isPartOf":{"@id":"https:\/\/toiletface.co.uk\/fr\/#website"},"primaryImageOfPage":{"@id":"https:\/\/toiletface.co.uk\/fr\/a-propos\/#primaryimage"},"image":{"@id":"https:\/\/toiletface.co.uk\/fr\/a-propos\/#primaryimage"},"thumbnailUrl":"https:\/\/toiletface.co.uk\/wp-content\/uploads\/2024\/06\/Preferred-2-225x300.webp","datePublished":"2024-04-06T20:56:26+00:00","dateModified":"2025-08-30T17:19:08+00:00","description":"D\u00e9couvrez l\u2019histoire de Toilet Face, la marque britannique de papier toilette personnalis\u00e9 qui fait rire de nombreux clients en France et ailleurs.","breadcrumb":{"@id":"https:\/\/toiletface.co.uk\/fr\/a-propos\/#breadcrumb"},"inLanguage":"fr-FR","potentialAction":[{"@type":"ReadAction","target":["https:\/\/toiletface.co.uk\/fr\/a-propos\/"]}]},{"@type":"ImageObject","inLanguage":"fr-FR","@id":"https:\/\/toiletface.co.uk\/fr\/a-propos\/#primaryimage","url":"https:\/\/toiletface.co.uk\/wp-content\/uploads\/2024\/06\/Preferred-2-225x300.webp","contentUrl":"https:\/\/toiletface.co.uk\/wp-content\/uploads\/2024\/06\/Preferred-2-225x300.webp"},{"@type":"BreadcrumbList","@id":"https:\/\/toiletface.co.uk\/fr\/a-propos\/#breadcrumb","itemListElement":[{"@type":"ListItem","position":1,"name":"Home","item":"https:\/\/toiletface.co.uk\/fr\/papier-toilette-personnalise-et-drole\/"},{"@type":"ListItem","position":2,"name":"\u00c0 propos de nous"}]},{"@type":"WebSite","@id":"https:\/\/toiletface.co.uk\/fr\/#website","url":"https:\/\/toiletface.co.uk\/fr\/","name":"Toilet Face","description":"Personalised &amp; Novelty Toilet Paper Store","potentialAction":[{"@type":"SearchAction","target":{"@type":"EntryPoint","urlTemplate":"https:\/\/toiletface.co.uk\/fr\/?s={search_term_string}"},"query-input":{"@type":"PropertyValueSpecification","valueRequired":true,"valueName":"search_term_string"}}],"inLanguage":"fr-FR"}]}},"_links":{"self":[{"href":"https:\/\/toiletface.co.uk\/fr\/wp-json\/wp\/v2\/pages\/3047055","targetHints":{"allow":["GET"]}}],"collection":[{"href":"https:\/\/toiletface.co.uk\/fr\/wp-json\/wp\/v2\/pages"}],"about":[{"href":"https:\/\/toiletface.co.uk\/fr\/wp-json\/wp\/v2\/types\/page"}],"author":[{"embeddable":true,"href":"https:\/\/toiletface.co.uk\/fr\/wp-json\/wp\/v2\/users\/1"}],"replies":[{"embeddable":true,"href":"https:\/\/toiletface.co.uk\/fr\/wp-json\/wp\/v2\/comments?post=3047055"}],"version-history":[{"count":7,"href":"https:\/\/toiletface.co.uk\/fr\/wp-json\/wp\/v2\/pages\/3047055\/revisions"}],"predecessor-version":[{"id":3047063,"href":"https:\/\/toiletface.co.uk\/fr\/wp-json\/wp\/v2\/pages\/3047055\/revisions\/3047063"}],"wp:attachment":[{"href":"https:\/\/toiletface.co.uk\/fr\/wp-json\/wp\/v2\/media?parent=3047055"}],"curies":[{"name":"wp","href":"https:\/\/api.w.org\/{rel}","templated":true}]}}